{"id":2539,"date":"2018-07-24T14:14:34","date_gmt":"2018-07-24T12:14:34","guid":{"rendered":"https:\/\/wilde-mulde.de\/impressum\/"},"modified":"2020-06-17T13:11:17","modified_gmt":"2020-06-17T11:11:17","slug":"impressum","status":"publish","type":"page","link":"https:\/\/wilde-mulde.de\/en\/impressum\/","title":{"rendered":"Imprint"},"content":{"rendered":"<div id=\"primary\" class=\"content-area\">\n<div id=\"content\" class=\"site-content\" role=\"main\">\n<article id=\"post-4\" class=\"post-4 page type-page status-publish hentry\">\n<div class=\"entry-content\">\n<h2>Gesamtkoordination<\/h2>\n<p style=\"padding-left: 30px;\"><strong>WWF-Deutschland<\/strong><br \/>\nNaturschutz Deutschland<br \/>\nGeorg Rast<br \/>\nReinhardtstra\u00dfe 18<br \/>\n10117 Berlin<\/p>\n<p style=\"padding-left: 30px;\">Telefon: +49 (0)30 311777&nbsp;208<br \/>\nE-Mail: <a href=\"mailto:georg.rast@wwf.de\">georg.rast@wwf.de<\/a><\/p>\n<p style=\"padding-left: 30px;\">Der WWF ist Betreiber der Webseite.<\/p>\n<p>&nbsp;<\/p>\n<h2>Gesch\u00e4ftsf\u00fchrender Vorstand<\/h2>\n<div id=\"c38079\" class=\"csc-default clearfix\">\n<div class=\"csc-text\">\n<p class=\"bodytext\" style=\"padding-left: 30px;\">Eberhard Brandes<\/p>\n<p>&nbsp;<\/p>\n<\/div>\n<\/div>\n<div id=\"c38080\" class=\"csc-default clearfix\">\n<div class=\"csc-header csc-header-n3\">\n<h2><span class=\"csc-header\">Zentrale Aufsichtsbeh\u00f6rde<\/span><\/h2>\n<\/div>\n<div class=\"csc-text\">\n<p class=\"bodytext\" style=\"padding-left: 30px;\">Senatsverwaltung f\u00fcr Justiz Berlin, Az: 3416\/976\/2<\/p>\n<p class=\"bodytext\" style=\"padding-left: 30px;\">Umsatzsteuer-Identifikationsnummer gem\u00e4\u00df \u00a7 27 a Umsatzsteuergesetz: DE 114236103<\/p>\n<p class=\"bodytext\" style=\"padding-left: 30px;\">\u00a9 und \u00ae f\u00fcr das WWF-Panda-Logo: WWF \u2013 World Wide Fund For Nature Gland\/Schweiz<\/p>\n<p>&nbsp;<\/p>\n<\/div>\n<\/div>\n<div id=\"c38081\" class=\"csc-default clearfix\">\n<div class=\"csc-header csc-header-n5\">\n<h2><span class=\"csc-header\">Inhaltlich Verantwortliche gem\u00e4\u00df \u00a7 55 Abs. 2 RstV<\/span><\/h2>\n<\/div>\n<div class=\"csc-text\">\n<p class=\"bodytext\" style=\"padding-left: 30px;\">Diana Pretzell, Fachbereichsleiterin Naturschutz Deutschland<br \/>\nGeorg Rast, Referent Wasserbau\/Hydrologie<br \/>\nHeiko Schrenner, Projektkoordinator \u201eWilde Mulde\u201c<\/p>\n<p style=\"padding-left: 30px;\">Anschrift:<br \/>\nWWF Deutschland<br \/>\nReinhardstr. 18<br \/>\n10117 Berlin<\/p>\n<p>&nbsp;<\/p>\n<h2>Bildnachweise<\/h2>\n<p>Nele Klimmer\/ Naturverpacker<br \/>\nE-Mail: <a href=\"mailto:neleklimmer@naturverpacker.de\">neleklimmer@naturverpacker.de<\/a><\/p>\n<p>&nbsp;<\/p>\n<\/div>\n<\/div>\n<h2>Projektkoordination<\/h2>\n<h3 style=\"padding-left: 30px;\">Umsetzung<\/h3>\n<p style=\"padding-left: 30px;\"><strong>WWF-Deutschland<br \/>\n<\/strong>Projektb\u00fcro \u201eWilde Mulde\u201c<br \/>\nHeiko Schrenner<br \/>\nFriedensplatz 8<br \/>\n06844 Dessau-Ro\u00dflau<\/p>\n<p style=\"padding-left: 30px;\">Telefon: +49 (0)340 21 68 724<br \/>\nE-Mail: <a href=\"mailto:heiko.schrenner@wwf.de\">heiko.schrenner@wwf.de<\/a><\/p>\n<h3 style=\"padding-left: 30px;\">Forschung<\/h3>\n<p style=\"padding-left: 30px;\"><strong>Helmholtz \u2013 Zentrum f\u00fcr Umweltforschung<br \/>\n<\/strong>Department Naturschutzforschung<br \/>\nDr. Christiane Schulz-Zunkel<br \/>\nPermoserstr. 15<br \/>\n04318 Leipzig<\/p>\n<p style=\"padding-left: 30px;\" align=\"left\">Telefon: +49 (0) 341 235-1645<br \/>\nE-Mail:&nbsp;<a href=\"mailto:christiane.schulz@ufz.de\">christiane.schulz@ufz.de<\/a><\/p>\n<div class=\"csc-header csc-header-n16\">\n<h2><\/h2>\n<h2><span class=\"csc-header\">Haftung f\u00fcr Links<\/span><\/h2>\n<\/div>\n<div class=\"csc-text\">\n<p class=\"bodytext\" style=\"padding-left: 30px;\">Der WWF Deutschland erkl\u00e4rt hiermit ausdr\u00fccklich, dass zum Zeitpunkt der Linksetzung keine illegalen Inhalte auf den zu verlinkenden Seiten erkennbar waren. Auf die aktuelle und zuk\u00fcnftige Gestaltung, die Inhalte oder die Urheberschaft der verlinkten\/verkn\u00fcpften Seiten hat der WWF Deutschland keinerlei Einfluss.<\/p>\n<p class=\"bodytext\" style=\"padding-left: 30px;\">Deshalb distanziert er sich hiermit ausdr\u00fccklich von allen Inhalten aller verlinkten\/ verkn\u00fcpften Seiten, die nach der Linksetzung ver\u00e4ndert wurden. Diese Feststellung gilt f\u00fcr alle innerhalb des eigenen Internetangebotes gesetzten Links und Verweise.<\/p>\n<p class=\"bodytext\" style=\"padding-left: 30px;\">F\u00fcr illegale, fehlerhafte oder unvollst\u00e4ndige Inhalte und insbesondere f\u00fcr Sch\u00e4den, die aus der Nutzung oder Nichtnutzung solcherart dargebotener Informationen entstehen, haftet allein der Anbieter der Seite, auf welche verwiesen wurde, nicht derjenige, der \u00fcber Links auf die jeweilige Ver\u00f6ffentlichung lediglich verweist.<\/p>\n<\/div>\n<\/div>\n<\/article>\n<\/div>\n<\/div>\n","protected":false},"excerpt":{"rendered":"<p>Gesamtkoordination WWF-Deutschland Naturschutz Deutschland Georg Rast Reinhardtstra\u00dfe 18 10117 Berlin Telefon: +49 (0)30 311777&nbsp;208 E-Mail: georg.rast@wwf.de Der WWF ist Betreiber der Webseite. &nbsp; Gesch\u00e4ftsf\u00fchrender Vorstand Eberhard Brandes &nbsp; Zentrale Aufsichtsbeh\u00f6rde Senatsverwaltung f\u00fcr Justiz Berlin, Az: 3416\/976\/2 Umsatzsteuer-Identifikationsnummer gem\u00e4\u00df \u00a7 27 a Umsatzsteuergesetz: DE 114236103 \u00a9 und \u00ae f\u00fcr das WWF-Panda-Logo: WWF \u2013 World Wide Fund <a href=\"https:\/\/wilde-mulde.de\/en\/impressum\/\">[&#8230;]<\/a><\/p>\n","protected":false},"author":1,"featured_media":0,"parent":0,"menu_order":0,"comment_status":"closed","ping_status":"closed","template":"","meta":[],"_links":{"self":[{"href":"https:\/\/wilde-mulde.de\/en\/wp-json\/wp\/v2\/pages\/2539"}],"collection":[{"href":"https:\/\/wilde-mulde.de\/en\/wp-json\/wp\/v2\/pages"}],"about":[{"href":"https:\/\/wilde-mulde.de\/en\/wp-json\/wp\/v2\/types\/page"}],"author":[{"embeddable":true,"href":"https:\/\/wilde-mulde.de\/en\/wp-json\/wp\/v2\/users\/1"}],"replies":[{"embeddable":true,"href":"https:\/\/wilde-mulde.de\/en\/wp-json\/wp\/v2\/comments?post=2539"}],"version-history":[{"count":2,"href":"https:\/\/wilde-mulde.de\/en\/wp-json\/wp\/v2\/pages\/2539\/revisions"}],"predecessor-version":[{"id":2620,"href":"https:\/\/wilde-mulde.de\/en\/wp-json\/wp\/v2\/pages\/2539\/revisions\/2620"}],"wp:attachment":[{"href":"https:\/\/wilde-mulde.de\/en\/wp-json\/wp\/v2\/media?parent=2539"}],"curies":[{"name":"wp","href":"https:\/\/api.w.org\/{rel}","templated":true}]}}